{"id":143,"date":"2017-08-28T09:26:17","date_gmt":"2017-08-28T09:26:17","guid":{"rendered":"http:\/\/pisces.la-studioweb.com\/?page_id=143"},"modified":"2025-01-14T13:51:19","modified_gmt":"2025-01-14T13:51:19","slug":"home-de","status":"publish","type":"page","link":"https:\/\/www.gall-group.com\/","title":{"rendered":"Home"},"content":{"rendered":"<p>[vc_row][vc_column][rev_slider_vc alias=&#8220;alternative-foslider&#8220; el_class=&#8220;margin-bottom-0&#8243;][la_divider height=&#8220;lg:100px;&#8220;][\/vc_column][\/vc_row][vc_row][vc_column offset=&#8220;vc_hidden-md vc_hidden-sm vc_hidden-xs&#8220;][\/vc_column][\/vc_row][vc_row full_width=&#8220;stretch_row_content&#8220; el_class=&#8220;row&#8211;maxwidth-1440&#8243; css=&#8220;.vc_custom_1569323722200{padding-top: 50px !important;}&#8220;][vc_column width=&#8220;1\/2&#8243;][la_animation_block css_animation=&#8220;fadeInLeft&#8220; animation_duration=&#8220;1&#8243; animation_delay=&#8220;0&#8243; animation_iteration_count=&#8220;1&#8243;][vc_single_image image=&#8220;4933&#8243; img_size=&#8220;full&#8220; alignment=&#8220;center&#8220; el_class=&#8220;image-shadow-gradient&#8220;][\/la_animation_block][\/vc_column][vc_column width=&#8220;1\/2&#8243; offset=&#8220;vc_col-lg-offset-1 vc_col-lg-5&#8243; css=&#8220;.vc_custom_1503992625245{padding-top: 30px !important;}&#8220;][la_animation_block css_animation=&#8220;fadeInRight&#8220; animation_duration=&#8220;1&#8243; animation_delay=&#8220;0&#8243; animation_iteration_count=&#8220;1&#8243;][la_heading tag=&#8220;h1&#8243; alignment=&#8220;left&#8220; title=&#8220;BEGEISTERNDE EVENTS, GENIALE IDEEN, IMPOSANTE ERLEBNISSE&#8220; title_class=&#8220;heading-with-gradient-line-center h1&#8243; title_fz=&#8220;lg:32px;&#8220;]Starke Wirkung und eindrucksvolle L\u00f6sungen rund um Events, Messen, Meetings, Incentives und Kongresse weltweit. GALL begeistert seit 40 Jahren als f\u00fchrendes Unternehmen den Markt mit brillanten Ideen f\u00fcr unvergessliche Erlebnisse. Wir setzen Marken in Szene und machen sie erlebbar.[\/la_heading][\/la_animation_block][la_animation_block css_animation=&#8220;fadeInUp&#8220; animation_duration=&#8220;1&#8243; animation_delay=&#8220;0.2&#8243; animation_iteration_count=&#8220;1&#8243; css=&#8220;.vc_custom_1503992638613{padding-top: 30px !important;}&#8220;][\/la_animation_block][\/vc_column][\/vc_row][vc_row][vc_column][la_divider height=&#8220;lg:115px;&#8220;][\/vc_column][\/vc_row][vc_row full_width=&#8220;stretch_row&#8220; parallax=&#8220;content-moving&#8220; parallax_image=&#8220;2519&#8243; parallax_speed_bg=&#8220;1&#8243; css_animation=&#8220;none&#8220; use_grad=&#8220;yes&#8220; bg_grad=&#8220;background: -webkit-gradient(linear, left top, left bottom, color-stop(0%, #3E831B), color-stop(100%, #66CC33));background: -moz-linear-gradient(left,#3E831B 0%,#66CC33 100%);background: -webkit-linear-gradient(left,#3E831B 0%,#66CC33 100%);background: -o-linear-gradient(left,#3E831B 0%,#66CC33 100%);background: -ms-linear-gradient(left,#3E831B 0%,#66CC33 100%);background: linear-gradient(left,#3E831B 0%,#66CC33 100%);&#8220;][vc_column width=&#8220;3\/4&#8243; offset=&#8220;vc_col-lg-offset-2 vc_col-lg-8 vc_col-sm-offset-1&#8243;][la_divider height=&#8220;lg:100px;&#8220;][la_animation_block css_animation=&#8220;zoomIn&#8220; animation_duration=&#8220;1&#8243; animation_delay=&#8220;0&#8243; animation_iteration_count=&#8220;1&#8243;][la_heading tag=&#8220;div&#8220; title=&#8220;KONZEPTION \u2013 ORGANISATION \u2013 UMSETZUNG&#8220; title_class=&#8220;light text-uppercase&#8220; title_fz=&#8220;lg:15px;&#8220; title_color=&#8220;#ffffff&#8220; subtitle_fz=&#8220;lg:60px;md:40px;xs:30px;&#8220; subtitle_color=&#8220;#ffffff&#8220; subtitle_class=&#8220;font-weight-700&#8243; subtitle_lh=&#8220;lg:80px;md:50px;xs:40px;&#8220;]Veranstaltungen waren noch nie so einfach![\/la_heading][\/la_animation_block][la_divider height=&#8220;lg:220px;md:100px;&#8220;][\/vc_column][\/vc_row][vc_row][vc_column][la_divider height=&#8220;lg:60px;&#8220;][la_animation_block css_animation=&#8220;zoomIn&#8220; animation_duration=&#8220;1&#8243; animation_delay=&#8220;0&#8243; animation_iteration_count=&#8220;1&#8243;][la_heading spacer=&#8220;line&#8220; spacer_position=&#8220;middle&#8220; line_height=&#8220;6&#8243; title=&#8220;UNSERE LEISTUNGEN&#8220; title_class=&#8220;h1&#8243; line_color=&#8220;#66cc33&#8243; line_width=&#8220;lg:120px;&#8220;][\/la_heading][\/la_animation_block][la_divider height=&#8220;lg:60px;&#8220;][vc_row_inner][vc_column_inner width=&#8220;1\/3&#8243;][la_animation_block css_animation=&#8220;zoomIn&#8220; animation_duration=&#8220;1&#8243; animation_delay=&#8220;0&#8243; animation_iteration_count=&#8220;1&#8243;][la_icon_boxes icon_type=&#8220;custom&#8220; icon_pos=&#8220;top&#8220; icon_size=&#8220;80&#8243; icon_color_type=&#8220;gradient&#8220; title=&#8220;MICE&#8220; el_class=&#8220;text-center&#8220; icon_color=&#8220;#574be8&#8243; icon_color2=&#8220;#dd92c3&#8243; icon_h_color=&#8220;#ffffff&#8220; icon_h_color2=&#8220;#ffffff&#8220; title_class=&#8220;margin-top-35 margin-bottom-15&#8243; desc_fz=&#8220;lg:14px;&#8220; desc_lh=&#8220;lg:24px;&#8220; icon_image_id=&#8220;2523&#8243;]Meeting &#8211; Incentive &#8211; Congress &#8211; Event<br \/>\nGALL liefert die besten\u00a0 L\u00f6sungen[\/la_icon_boxes][\/la_animation_block][\/vc_column_inner][vc_column_inner width=&#8220;1\/3&#8243;][la_animation_block css_animation=&#8220;zoomIn&#8220; animation_duration=&#8220;1&#8243; animation_delay=&#8220;0.4&#8243; animation_iteration_count=&#8220;1&#8243;][la_icon_boxes icon_type=&#8220;custom&#8220; icon_pos=&#8220;top&#8220; icon_size=&#8220;80&#8243; icon_color_type=&#8220;gradient&#8220; title=&#8220;GET&#8220; el_class=&#8220;text-center&#8220; icon_color=&#8220;#574be8&#8243; icon_color2=&#8220;#dd92c3&#8243; icon_h_color=&#8220;#ffffff&#8220; icon_h_color2=&#8220;#ffffff&#8220; title_class=&#8220;margin-top-35 margin-bottom-15&#8243; desc_fz=&#8220;lg:14px;&#8220; desc_lh=&#8220;lg:24px;&#8220; icon_image_id=&#8220;2530&#8243;]Die Teilnehmermanagement-Software<br \/>\nvon MICE-Experten[\/la_icon_boxes][\/la_animation_block][\/vc_column_inner][vc_column_inner width=&#8220;1\/3&#8243;][la_animation_block css_animation=&#8220;zoomIn&#8220; animation_duration=&#8220;1&#8243; animation_delay=&#8220;0.8&#8243; animation_iteration_count=&#8220;1&#8243;][la_icon_boxes icon_type=&#8220;custom&#8220; icon_pos=&#8220;top&#8220; icon_size=&#8220;80&#8243; icon_color_type=&#8220;gradient&#8220; title=&#8220;GREEN&#8220; el_class=&#8220;text-center&#8220; icon_color=&#8220;#574be8&#8243; icon_color2=&#8220;#dd92c3&#8243; icon_h_color=&#8220;#ffffff&#8220; icon_h_color2=&#8220;#ffffff&#8220; title_class=&#8220;margin-top-35 margin-bottom-15&#8243; desc_fz=&#8220;lg:14px;&#8220; desc_lh=&#8220;lg:24px;&#8220; icon_image_id=&#8220;2536&#8243;]Konzeption und Umsetzung von<br \/>\nnachhaltigen Gro\u00dfevents[\/la_icon_boxes][\/la_animation_block][\/vc_column_inner][\/vc_row_inner][la_divider height=&#8220;lg:35px;&#8220;][vc_row_inner][vc_column_inner width=&#8220;1\/3&#8243;][la_animation_block css_animation=&#8220;zoomIn&#8220; animation_duration=&#8220;1&#8243; animation_delay=&#8220;0&#8243; animation_iteration_count=&#8220;1&#8243;][la_icon_boxes icon_type=&#8220;custom&#8220; icon_pos=&#8220;top&#8220; icon_size=&#8220;80&#8243; icon_color_type=&#8220;gradient&#8220; title=&#8220;GET SMART&#8220; el_class=&#8220;text-center&#8220; icon_color=&#8220;#574be8&#8243; icon_color2=&#8220;#dd92c3&#8243; icon_h_color=&#8220;#ffffff&#8220; icon_h_color2=&#8220;#ffffff&#8220; title_class=&#8220;margin-top-35 margin-bottom-15&#8243; desc_fz=&#8220;lg:14px;&#8220; desc_lh=&#8220;lg:24px;&#8220; icon_image_id=&#8220;2530&#8243;]Online Eventregistrierungs- und Hotelreservierungstool.<br \/>\nEine L\u00f6sung f\u00fcr Messen, Veranstaltungen und Events[\/la_icon_boxes][\/la_animation_block][\/vc_column_inner][vc_column_inner width=&#8220;1\/3&#8243;][la_animation_block css_animation=&#8220;zoomIn&#8220; animation_duration=&#8220;1&#8243; animation_delay=&#8220;0.4&#8243; animation_iteration_count=&#8220;1&#8243;][la_icon_boxes icon_type=&#8220;custom&#8220; icon_pos=&#8220;top&#8220; icon_size=&#8220;80&#8243; icon_color_type=&#8220;gradient&#8220; title=&#8220;SIS&#8220; el_class=&#8220;text-center&#8220; icon_color=&#8220;#574be8&#8243; icon_color2=&#8220;#dd92c3&#8243; icon_h_color=&#8220;#ffffff&#8220; icon_h_color2=&#8220;#ffffff&#8220; title_class=&#8220;margin-top-35 margin-bottom-15&#8243; desc_fz=&#8220;lg:14px;&#8220; desc_lh=&#8220;lg:24px;&#8220; icon_image_id=&#8220;2532&#8243;]Wir bieten Ihnen den neuen<br \/>\nStandard des Messestand-Informationssystems[\/la_icon_boxes][\/la_animation_block][\/vc_column_inner][vc_column_inner width=&#8220;1\/3&#8243;][la_animation_block css_animation=&#8220;zoomIn&#8220; animation_duration=&#8220;1&#8243; animation_delay=&#8220;0.8&#8243; animation_iteration_count=&#8220;1&#8243;][la_icon_boxes icon_type=&#8220;custom&#8220; icon_pos=&#8220;top&#8220; icon_size=&#8220;80&#8243; icon_color_type=&#8220;gradient&#8220; title=&#8220;GRAFIK&#8220; el_class=&#8220;text-center&#8220; icon_color=&#8220;#574be8&#8243; icon_color2=&#8220;#dd92c3&#8243; icon_h_color=&#8220;#ffffff&#8220; icon_h_color2=&#8220;#ffffff&#8220; title_class=&#8220;margin-top-35 margin-bottom-15&#8243; desc_fz=&#8220;lg:14px;&#8220; desc_lh=&#8220;lg:24px;&#8220; icon_image_id=&#8220;2537&#8243;]Stellen Sie sicher, dass der erste Eindruck<br \/>\nIhrer Veranstaltung gro\u00dfartig wird[\/la_icon_boxes][\/la_animation_block][\/vc_column_inner][\/vc_row_inner][la_divider height=&#8220;lg:35px;&#8220;][vc_row_inner][vc_column_inner width=&#8220;1\/3&#8243;][la_animation_block css_animation=&#8220;zoomIn&#8220; animation_duration=&#8220;1&#8243; animation_delay=&#8220;0&#8243; animation_iteration_count=&#8220;1&#8243;][la_icon_boxes icon_type=&#8220;custom&#8220; icon_pos=&#8220;top&#8220; icon_size=&#8220;80&#8243; icon_color_type=&#8220;gradient&#8220; title=&#8220;KONZEPTION&#8220; el_class=&#8220;text-center&#8220; icon_color=&#8220;#574be8&#8243; icon_color2=&#8220;#dd92c3&#8243; icon_h_color=&#8220;#ffffff&#8220; icon_h_color2=&#8220;#ffffff&#8220; title_class=&#8220;margin-top-35 margin-bottom-15&#8243; desc_fz=&#8220;lg:14px;&#8220; desc_lh=&#8220;lg:24px;&#8220; icon_image_id=&#8220;2535&#8243;]Ma\u00dfgeschneiderte Konzeptionserstellung f\u00fcr jede Art von Veranstaltung[\/la_icon_boxes][\/la_animation_block][\/vc_column_inner][vc_column_inner width=&#8220;1\/3&#8243;][la_animation_block css_animation=&#8220;zoomIn&#8220; animation_duration=&#8220;1&#8243; animation_delay=&#8220;0.4&#8243; animation_iteration_count=&#8220;1&#8243;][la_icon_boxes icon_type=&#8220;custom&#8220; icon_pos=&#8220;top&#8220; icon_size=&#8220;80&#8243; icon_color_type=&#8220;gradient&#8220; title=&#8220;HOTELEINKAUF&#8220; el_class=&#8220;text-center&#8220; icon_color=&#8220;#574be8&#8243; icon_color2=&#8220;#dd92c3&#8243; icon_h_color=&#8220;#ffffff&#8220; icon_h_color2=&#8220;#ffffff&#8220; title_class=&#8220;margin-top-35 margin-bottom-15&#8243; desc_fz=&#8220;lg:14px;&#8220; desc_lh=&#8220;lg:24px;&#8220; icon_image_id=&#8220;2534&#8243;]Wir unterst\u00fctzen Sie bei der Suche nach dem<br \/>\nbesten Hotel f\u00fcr Ihre Veranstaltung[\/la_icon_boxes][\/la_animation_block][\/vc_column_inner][vc_column_inner width=&#8220;1\/3&#8243;][la_animation_block css_animation=&#8220;zoomIn&#8220; animation_duration=&#8220;1&#8243; animation_delay=&#8220;0.8&#8243; animation_iteration_count=&#8220;1&#8243;][la_icon_boxes icon_type=&#8220;custom&#8220; icon_pos=&#8220;top&#8220; icon_size=&#8220;80&#8243; icon_color_type=&#8220;gradient&#8220; title=&#8220;RECHNUNGSINTEGRATION&#8220; el_class=&#8220;text-center&#8220; icon_color=&#8220;#574be8&#8243; icon_color2=&#8220;#dd92c3&#8243; icon_h_color=&#8220;#ffffff&#8220; icon_h_color2=&#8220;#ffffff&#8220; title_class=&#8220;margin-top-35 margin-bottom-15&#8243; desc_fz=&#8220;lg:14px;&#8220; desc_lh=&#8220;lg:24px;&#8220; icon_image_id=&#8220;2533&#8243;]Vereinfachen Sie Ihr Abrechnungssystem<br \/>\n\u00fcber eine zentrale Abrechnungsstelle f\u00fcr 1x Supplier[\/la_icon_boxes][\/la_animation_block][\/vc_column_inner][\/vc_row_inner][la_divider height=&#8220;lg:105px;&#8220;][\/vc_column][\/vc_row][vc_row full_width=&#8220;stretch_row&#8220; parallax=&#8220;content-moving&#8220; parallax_image=&#8220;2541&#8243; parallax_speed_bg=&#8220;1.2&#8243;][vc_column][la_divider height=&#8220;lg:100px;&#8220;][vc_row_inner equal_height=&#8220;yes&#8220; content_placement=&#8220;middle&#8220;][vc_column_inner width=&#8220;1\/4&#8243;][la_animation_block css_animation=&#8220;fadeIn&#8220; animation_duration=&#8220;1&#8243; animation_delay=&#8220;0&#8243; animation_iteration_count=&#8220;1&#8243;][la_stats_counter icon_pos=&#8220;none&#8220; value=&#8220;20&#8243; title=&#8220;MITARBEITER&#8220; value_color=&#8220;#ffffff&#8220; value_fz=&#8220;xlg:120px;lg:120px;&#8220; title_fz=&#8220;lg:20px;&#8220; title_color=&#8220;#ffffff&#8220;][\/la_animation_block][\/vc_column_inner][vc_column_inner width=&#8220;1\/4&#8243;][la_animation_block css_animation=&#8220;fadeIn&#8220; animation_duration=&#8220;1&#8243; animation_delay=&#8220;0&#8243; animation_iteration_count=&#8220;1&#8243;][la_stats_counter icon_pos=&#8220;none&#8220; value=&#8220;40&#8243; title=&#8220;JAHRE&#8220; value_color=&#8220;#ffffff&#8220; value_fz=&#8220;xlg:120px;lg:120px;&#8220; title_fz=&#8220;lg:20px;&#8220; title_color=&#8220;#ffffff&#8220;][\/la_animation_block][\/vc_column_inner][vc_column_inner width=&#8220;1\/4&#8243;][la_animation_block css_animation=&#8220;fadeIn&#8220; animation_duration=&#8220;1&#8243; animation_delay=&#8220;0&#8243; animation_iteration_count=&#8220;1&#8243;][la_stats_counter icon_pos=&#8220;none&#8220; value=&#8220;52&#8243; title=&#8220;STAATEN&#8220; value_color=&#8220;#ffffff&#8220; value_fz=&#8220;xlg:120px;lg:120px;&#8220; title_fz=&#8220;lg:20px;&#8220; title_color=&#8220;#ffffff&#8220;][\/la_animation_block][\/vc_column_inner][vc_column_inner width=&#8220;1\/4&#8243;][la_animation_block css_animation=&#8220;fadeIn&#8220; animation_duration=&#8220;1&#8243; animation_delay=&#8220;0&#8243; animation_iteration_count=&#8220;1&#8243;][la_stats_counter icon_pos=&#8220;none&#8220; value=&#8220;5300&#8243; title=&#8220;EVENTS&#8220; value_color=&#8220;#ffffff&#8220; value_fz=&#8220;xlg:120px;lg:120px;&#8220; title_fz=&#8220;lg:20px;&#8220; title_color=&#8220;#ffffff&#8220;][\/la_animation_block][\/vc_column_inner][\/vc_row_inner][la_divider height=&#8220;lg:100px;&#8220;][\/vc_column][\/vc_row][vc_row][vc_column width=&#8220;5\/6&#8243; offset=&#8220;vc_col-md-offset-2 vc_col-md-8 vc_col-sm-offset-1&#8243;][la_divider height=&#8220;lg:55px;&#8220;][la_heading spacer=&#8220;line&#8220; spacer_position=&#8220;middle&#8220; line_height=&#8220;6&#8243; subtitle_fz=&#8220;lg:40px;md:30px;&#8220; subtitle_lh=&#8220;lg:50px;md:45px;&#8220; title_color=&#8220;#343538&#8243; subtitle_color=&#8220;#343538&#8243; line_width=&#8220;lg:120px;&#8220; line_color=&#8220;#66cc33&#8243; title=&#8220;UNSERE KUNDEN&#8220; el_class=&#8220;h1&#8243;][\/la_heading][\/vc_column][\/vc_row][vc_row css_animation=&#8220;none&#8220;][vc_column][la_divider height=&#8220;lg:50px;&#8220;][la_carousel dots=&#8220;yes&#8220; dots_icon=&#8220;dlicon-dot5&#8243; draggable=&#8220;yes&#8220; touch_move=&#8220;yes&#8220; slides_column=&#8220;xlg:6;lg:6;md:5;sm:4;xs:3;mb:3;&#8220;][vc_single_image image=&#8220;4043&#8243; img_size=&#8220;full&#8220; alignment=&#8220;center&#8220;][vc_single_image image=&#8220;2592&#8243; img_size=&#8220;full&#8220; alignment=&#8220;center&#8220;][vc_single_image image=&#8220;2587&#8243; img_size=&#8220;full&#8220; alignment=&#8220;center&#8220;][vc_single_image image=&#8220;2589&#8243; img_size=&#8220;full&#8220; alignment=&#8220;center&#8220;][vc_single_image image=&#8220;2590&#8243; img_size=&#8220;full&#8220; alignment=&#8220;center&#8220;][vc_single_image image=&#8220;2593&#8243; img_size=&#8220;full&#8220; alignment=&#8220;center&#8220;][vc_single_image image=&#8220;3510&#8243; img_size=&#8220;full&#8220; alignment=&#8220;center&#8220;][vc_single_image image=&#8220;3507&#8243; img_size=&#8220;full&#8220; alignment=&#8220;center&#8220;][vc_single_image image=&#8220;3506&#8243; img_size=&#8220;full&#8220; alignment=&#8220;center&#8220;][vc_single_image image=&#8220;3505&#8243; img_size=&#8220;full&#8220; alignment=&#8220;center&#8220;][vc_single_image image=&#8220;3504&#8243; img_size=&#8220;full&#8220; alignment=&#8220;center&#8220;][vc_single_image image=&#8220;3502&#8243; img_size=&#8220;full&#8220; alignment=&#8220;center&#8220;][vc_single_image image=&#8220;3503&#8243; img_size=&#8220;full&#8220; alignment=&#8220;center&#8220;][vc_single_image image=&#8220;3501&#8243; img_size=&#8220;full&#8220; alignment=&#8220;center&#8220;][vc_single_image image=&#8220;3498&#8243; img_size=&#8220;full&#8220; alignment=&#8220;center&#8220;][vc_single_image image=&#8220;3499&#8243; img_size=&#8220;full&#8220; alignment=&#8220;center&#8220;][\/la_carousel][la_divider height=&#8220;lg:105px;&#8220;][\/vc_column][\/vc_row]<\/p>\n","protected":false},"excerpt":{"rendered":"<p>[vc_row][vc_column][rev_slider_vc alias=&#8220;alternative-foslider&#8220; el_class=&#8220;margin-bottom-0&#8243;][la_divider height=&#8220;lg:100px;&#8220;][\/vc_column][\/vc_row][vc_row][vc_column offset=&#8220;vc_hidden-md vc_hidden-sm vc_hidden-xs&#8220;][\/vc_column][\/vc_row][vc_row full_width=&#8220;stretch_row_content&#8220; el_class=&#8220;row&#8211;maxwidth-1440&#8243; css=&#8220;.vc_custom_1569323722200{padding-top: 50px !important;}&#8220;][vc_column width=&#8220;1\/2&#8243;][la_animation_block css_animation=&#8220;fadeInLeft&#8220; animation_duration=&#8220;1&#8243; animation_delay=&#8220;0&#8243; animation_iteration_count=&#8220;1&#8243;][vc_single_image image=&#8220;4933&#8243; img_size=&#8220;full&#8220; alignment=&#8220;center&#8220; el_class=&#8220;image-shadow-gradient&#8220;][\/la_animation_block][\/vc_column][vc_column width=&#8220;1\/2&#8243; offset=&#8220;vc_col-lg-offset-1 vc_col-lg-5&#8243; css=&#8220;.vc_custom_1503992625245{padding-top: 30px !important;}&#8220;][la_animation_block css_animation=&#8220;fadeInRight&#8220; animation_duration=&#8220;1&#8243; animation_delay=&#8220;0&#8243; animation_iteration_count=&#8220;1&#8243;][la_heading tag=&#8220;h1&#8243; alignment=&#8220;left&#8220; title=&#8220;BEGEISTERNDE EVENTS, GENIALE IDEEN, IMPOSANTE ERLEBNISSE&#8220; title_class=&#8220;heading-with-gradient-line-center h1&#8243; title_fz=&#8220;lg:32px;&#8220;]Starke Wirkung und eindrucksvolle L\u00f6sungen rund um Events, Messen, Meetings, Incentives und Kongresse weltweit. GALL begeistert seit 40 Jahren&hellip;<\/p>\n","protected":false},"author":4,"featured_media":0,"parent":0,"menu_order":0,"comment_status":"closed","ping_status":"closed","template":"","meta":{"footnotes":""},"class_list":["post-143","page","type-page","status-publish","hentry"],"_links":{"self":[{"href":"https:\/\/www.gall-group.com\/index.php?rest_route=\/wp\/v2\/pages\/143"}],"collection":[{"href":"https:\/\/www.gall-group.com\/index.php?rest_route=\/wp\/v2\/pages"}],"about":[{"href":"https:\/\/www.gall-group.com\/index.php?rest_route=\/wp\/v2\/types\/page"}],"author":[{"embeddable":true,"href":"https:\/\/www.gall-group.com\/index.php?rest_route=\/wp\/v2\/users\/4"}],"replies":[{"embeddable":true,"href":"https:\/\/www.gall-group.com\/index.php?rest_route=%2Fwp%2Fv2%2Fcomments&post=143"}],"version-history":[{"count":262,"href":"https:\/\/www.gall-group.com\/index.php?rest_route=\/wp\/v2\/pages\/143\/revisions"}],"predecessor-version":[{"id":5231,"href":"https:\/\/www.gall-group.com\/index.php?rest_route=\/wp\/v2\/pages\/143\/revisions\/5231"}],"wp:attachment":[{"href":"https:\/\/www.gall-group.com\/index.php?rest_route=%2Fwp%2Fv2%2Fmedia&parent=143"}],"curies":[{"name":"wp","href":"https:\/\/api.w.org\/{rel}","templated":true}]}}